{"id":4289,"date":"2024-10-25T09:55:00","date_gmt":"2024-10-25T07:55:00","guid":{"rendered":"https:\/\/www.araalicante.com\/?page_id=4289"},"modified":"2026-03-11T09:23:37","modified_gmt":"2026-03-11T08:23:37","slug":"area-privada-antes","status":"publish","type":"page","link":"https:\/\/www.araalicante.com\/en\/area-privada-antes\/","title":{"rendered":"\u00c1REA PRIVADA-antes"},"content":{"rendered":"<div class=\"woocommerce\">\n\t\t\t<div class=\"woocommerce-info wc-memberships-restriction-message wc-memberships-message wc-memberships-content-restricted-message\">\n\t\t\t\t<div class=\"wrap mcb-wrap one tablet-one laptop-one mobile-one clearfix\" style=\"display: block;width: 100%\">\r\n    <div class=\"mcb-wrap-inner\">\r\n        \r\n        <div style=\"text-align: center;width: 100%;display: block;padding-top: 40px;padding-bottom: 20px\">\r\n            <h2 class=\"title\" style=\"margin: 0;padding: 0;display: block\">Accede al \u00e1rea Privada<\/h2>\r\n        <\/div>\r\n\r\n        <div style=\"clear: both;height: 50px;width: 100%\"><\/div>\r\n\r\n        <div style=\"text-align: center;width: 100%;display: block;margin-bottom: 60px\">\r\n            <div style=\"display: inline-block;width: auto;margin: 0 auto\">\r\n                <a class=\"button button_size_2\" title=\"Iniciar Sesi\u00f3n\" href=\"#login\" style=\"background-color: #28a745 !important;color: #ffffff !important;border: none;display: inline-block !important;float: none !important;padding: 15px 60px !important;text-decoration: none;font-weight: bold;border-radius: 4px\">\r\n                    <span class=\"button_label\" style=\"color: #ffffff !important\">Inicia sesi\u00f3n<\/span>\r\n                <\/a>\r\n            <\/div>\r\n        <\/div>\r\n\r\n        <div style=\"text-align: center;width: 100%;display: block;clear: both;margin-top: 40px\">\r\n            <div class=\"fancy_heading\">\r\n                <div class=\"fh-top\" style=\"margin-bottom: 5px\">\u00bfA\u00fan no tienes acceso?<\/div>\r\n                <h2 class=\"title\" style=\"margin-bottom: 20px\">Hazte Socio<\/h2>\r\n                <div class=\"inside\" style=\"margin-bottom: 30px;line-height: 1.8\">\r\n                    <strong>SOLICITA DESDE AQU\u00cd TU ADHESI\u00d3N A ARA.<\/strong><br>\r\n                    Te enviaremos un email con el enlace al formulario completo.<br>\r\n                    No dudes en contactar con nosotros para cualquier duda o consulta:<br>\r\n                    Tel: 626 424 643 \u00b7 <a href=\"mailto:secretaria@araalicante.com\">secretaria@araalicante.com<\/a>\r\n                <\/div>\r\n            <\/div>\r\n        <\/div>\r\n\r\n        <div style=\"text-align: center;width: 100%;display: block\">\r\n            <p style=\"margin-bottom: 15px;font-weight: bold\">Si a\u00fan no tienes cuenta:<\/p>\r\n            <div style=\"display: inline-block;width: auto;margin: 0 auto\">\r\n                <a class=\"button button_size_2\" style=\"background-color: #ffeb3b !important;border: none;display: inline-block !important;float: none !important;color: #000 !important;padding: 15px 40px !important;text-decoration: none;font-weight: bold;border-radius: 4px\" title=\"Ir al formulario\" href=\"https:\/\/docs.google.com\/forms\/d\/18AaQhbJqStIdffujeURejPHiH2AsQL5r5zQewjnui9Y\/edit\" target=\"_blank\" rel=\"noopener\">\r\n                    <span class=\"button_label\" style=\"color: #000 !important\">Ir al formulario de inscripci\u00f3n<\/span>\r\n                <\/a>\r\n            <\/div>\r\n        <\/div>\r\n\r\n    <\/div>\r\n<\/div>\t\t    <\/div>\n\t\t<\/div>","protected":false},"excerpt":{"rendered":"<div class=\"woocommerce\">\n<div class=\"woocommerce-info wc-memberships-restriction-message wc-memberships-message wc-memberships-content-restricted-message\">\n<div class=\"wrap mcb-wrap one tablet-one laptop-one mobile-one clearfix\" style=\"display: block;width: 100%\">\n<div class=\"mcb-wrap-inner\">\n<div style=\"text-align: center;width: 100%;display: block;padding-top: 40px;padding-bottom: 20px\">\n<h2 class=\"title\" style=\"margin: 0;padding: 0;display: block\">Accede al \u00e1rea Privada<\/h2>\n<\/p><\/div>\n<div style=\"clear: both;height: 50px;width: 100%\"><\/div>\n<div style=\"text-align: center;width: 100%;display: block;margin-bottom: 60px\">\n<div style=\"display: inline-block;width: auto;margin: 0 auto\">\n                <a class=\"button button_size_2\" title=\"Iniciar Sesi\u00f3n\" href=\"#login\" style=\"background-color: #28a745 !important;color: #ffffff !important;border: none;display: inline-block !important;float: none !important;padding: 15px 60px !important;text-decoration: none;font-weight: bold;border-radius: 4px\"><br \/>\n                    <span class=\"button_label\" style=\"color: #ffffff !important\">Inicia sesi\u00f3n<\/span><br \/>\n                <\/a>\n            <\/div>\n<\/p><\/div>\n<div style=\"text-align: center;width: 100%;display: block;clear: both;margin-top: 40px\">\n<div class=\"fancy_heading\">\n<div class=\"fh-top\" style=\"margin-bottom: 5px\">\u00bfA\u00fan no tienes acceso?<\/div>\n<h2 class=\"title\" style=\"margin-bottom: 20px\">Hazte Socio<\/h2>\n<div class=\"inside\" style=\"margin-bottom: 30px;line-height: 1.8\">\n                    <strong>SOLICITA DESDE AQU\u00cd TU ADHESI\u00d3N A ARA.<\/strong><br \/>\n                    Te enviaremos un email con el enlace al formulario completo.<br \/>\n                    No dudes en contactar con nosotros para cualquier duda o consulta:<br \/>\n                    Tel: 626 424 643 \u00b7 <a href=\"mailto:secretaria@araalicante.com\">secretaria@araalicante.com<\/a>\n                <\/div>\n<\/p><\/div>\n<\/p><\/div>\n<div style=\"text-align: center;width: 100%;display: block\">\n<p style=\"margin-bottom: 15px;font-weight: bold\">Si a\u00fan no tienes cuenta:<\/p>\n<div style=\"display: inline-block;width: auto;margin: 0 auto\">\n                <a class=\"button button_size_2\" style=\"background-color: #ffeb3b !important;border: none;display: inline-block !important;float: none !important;color: #000 !important;padding: 15px 40px !important;text-decoration: none;font-weight: bold;border-radius: 4px\" title=\"Ir al formulario\" href=\"https:\/\/docs.google.com\/forms\/d\/18AaQhbJqStIdffujeURejPHiH2AsQL5r5zQewjnui9Y\/edit\" target=\"_blank\" rel=\"noopener\"><br \/>\n                    <span class=\"button_label\" style=\"color: #000 !important\">Ir al formulario de inscripci\u00f3n<\/span><br \/>\n                <\/a>\n            <\/div>\n<\/p><\/div>\n<\/p><\/div>\n<\/div><\/div>\n<\/p><\/div>","protected":false},"author":1,"featured_media":-1,"parent":0,"menu_order":0,"comment_status":"closed","ping_status":"closed","template":"","meta":{"footnotes":""},"class_list":["post-4289","page","type-page","status-publish","has-post-thumbnail","hentry","membership-content","access-restricted"],"yoast_head":"<!-- This site is optimized with the Yoast SEO plugin v27.4 - https:\/\/yoast.com\/product\/yoast-seo-wordpress\/ -->\n<title>\u00c1REA PRIVADA-antes - ARA | Asociaci\u00f3n de Restaurantes Alicante<\/title>\n<meta name=\"robots\" content=\"index, follow, max-snippet:-1, max-image-preview:large, max-video-preview:-1\" \/>\n<link rel=\"canonical\" href=\"https:\/\/www.araalicante.com\/en\/area-privada-antes\/\" \/>\n<meta property=\"og:locale\" content=\"en_GB\" \/>\n<meta property=\"og:type\" content=\"article\" \/>\n<meta property=\"og:title\" content=\"\u00c1REA PRIVADA-antes - ARA | Asociaci\u00f3n de Restaurantes Alicante\" \/>\n<meta property=\"og:description\" content=\"Accede al \u00e1rea Privada Inicia sesi\u00f3n \u00bfA\u00fan no tienes acceso? Hazte Socio [\u2026]\" \/>\n<meta property=\"og:url\" content=\"https:\/\/www.araalicante.com\/en\/area-privada-antes\/\" \/>\n<meta property=\"og:site_name\" content=\"ARA | Asociaci\u00f3n de Restaurantes Alicante\" \/>\n<meta property=\"article:publisher\" content=\"https:\/\/www.facebook.com\/Ararestaurantesalicante\" \/>\n<meta property=\"article:modified_time\" content=\"2026-03-11T08:23:37+00:00\" \/>\n<meta property=\"og:image\" content=\"https:\/\/www.araalicante.com\/wp-content\/uploads\/2023\/10\/Sin-titulo-1.png\" \/>\n\t<meta property=\"og:image:width\" content=\"200\" \/>\n\t<meta property=\"og:image:height\" content=\"200\" \/>\n\t<meta property=\"og:image:type\" content=\"image\/png\" \/>\n<meta name=\"twitter:card\" content=\"summary_large_image\" \/>\n<script type=\"application\/ld+json\" class=\"yoast-schema-graph\">{\"@context\":\"https:\\\/\\\/schema.org\",\"@graph\":[{\"@type\":\"WebPage\",\"@id\":\"https:\\\/\\\/www.araalicante.com\\\/area-privada-antes\\\/\",\"url\":\"https:\\\/\\\/www.araalicante.com\\\/area-privada-antes\\\/\",\"name\":\"\u00c1REA PRIVADA-antes - ARA | Asociaci\u00f3n de Restaurantes Alicante\",\"isPartOf\":{\"@id\":\"https:\\\/\\\/www.araalicante.com\\\/#website\"},\"datePublished\":\"2024-10-25T07:55:00+00:00\",\"dateModified\":\"2026-03-11T08:23:37+00:00\",\"breadcrumb\":{\"@id\":\"https:\\\/\\\/www.araalicante.com\\\/area-privada-antes\\\/#breadcrumb\"},\"inLanguage\":\"en-GB\",\"potentialAction\":[{\"@type\":\"ReadAction\",\"target\":[\"https:\\\/\\\/www.araalicante.com\\\/area-privada-antes\\\/\"]}]},{\"@type\":\"BreadcrumbList\",\"@id\":\"https:\\\/\\\/www.araalicante.com\\\/area-privada-antes\\\/#breadcrumb\",\"itemListElement\":[{\"@type\":\"ListItem\",\"position\":1,\"name\":\"Portada\",\"item\":\"https:\\\/\\\/www.araalicante.com\\\/\"},{\"@type\":\"ListItem\",\"position\":2,\"name\":\"\u00c1REA PRIVADA-antes\"}]},{\"@type\":\"WebSite\",\"@id\":\"https:\\\/\\\/www.araalicante.com\\\/#website\",\"url\":\"https:\\\/\\\/www.araalicante.com\\\/\",\"name\":\"ARA | Asociaci\u00f3n de Restaurantes Alicante\",\"description\":\"Producto local, restauraci\u00f3n de calidad en Alicante y su provincia\",\"publisher\":{\"@id\":\"https:\\\/\\\/www.araalicante.com\\\/#organization\"},\"potentialAction\":[{\"@type\":\"SearchAction\",\"target\":{\"@type\":\"EntryPoint\",\"urlTemplate\":\"https:\\\/\\\/www.araalicante.com\\\/?s={search_term_string}\"},\"query-input\":{\"@type\":\"PropertyValueSpecification\",\"valueRequired\":true,\"valueName\":\"search_term_string\"}}],\"inLanguage\":\"en-GB\"},{\"@type\":\"Organization\",\"@id\":\"https:\\\/\\\/www.araalicante.com\\\/#organization\",\"name\":\"ARA | Asociaci\u00f3n de Restaurantes Alicante\",\"url\":\"https:\\\/\\\/www.araalicante.com\\\/\",\"logo\":{\"@type\":\"ImageObject\",\"inLanguage\":\"en-GB\",\"@id\":\"https:\\\/\\\/www.araalicante.com\\\/#\\\/schema\\\/logo\\\/image\\\/\",\"url\":\"https:\\\/\\\/www.araalicante.com\\\/wp-content\\\/uploads\\\/2023\\\/09\\\/logoara.png\",\"contentUrl\":\"https:\\\/\\\/www.araalicante.com\\\/wp-content\\\/uploads\\\/2023\\\/09\\\/logoara.png\",\"width\":400,\"height\":85,\"caption\":\"ARA | Asociaci\u00f3n de Restaurantes Alicante\"},\"image\":{\"@id\":\"https:\\\/\\\/www.araalicante.com\\\/#\\\/schema\\\/logo\\\/image\\\/\"},\"sameAs\":[\"https:\\\/\\\/www.facebook.com\\\/Ararestaurantesalicante\",\"https:\\\/\\\/www.instagram.com\\\/ararestaurantesalicante\\\/\"]}]}<\/script>\n<!-- \/ Yoast SEO plugin. -->","yoast_head_json":{"title":"\u00c1REA PRIVADA-antes - ARA | Asociaci\u00f3n de Restaurantes Alicante","robots":{"index":"index","follow":"follow","max-snippet":"max-snippet:-1","max-image-preview":"max-image-preview:large","max-video-preview":"max-video-preview:-1"},"canonical":"https:\/\/www.araalicante.com\/en\/area-privada-antes\/","og_locale":"en_GB","og_type":"article","og_title":"\u00c1REA PRIVADA-antes - ARA | Asociaci\u00f3n de Restaurantes Alicante","og_description":"Accede al \u00e1rea Privada Inicia sesi\u00f3n \u00bfA\u00fan no tienes acceso? Hazte Socio [\u2026]","og_url":"https:\/\/www.araalicante.com\/en\/area-privada-antes\/","og_site_name":"ARA | Asociaci\u00f3n de Restaurantes Alicante","article_publisher":"https:\/\/www.facebook.com\/Ararestaurantesalicante","article_modified_time":"2026-03-11T08:23:37+00:00","og_image":[{"width":200,"height":200,"url":"https:\/\/www.araalicante.com\/wp-content\/uploads\/2023\/10\/Sin-titulo-1.png","type":"image\/png"}],"twitter_card":"summary_large_image","schema":{"@context":"https:\/\/schema.org","@graph":[{"@type":"WebPage","@id":"https:\/\/www.araalicante.com\/area-privada-antes\/","url":"https:\/\/www.araalicante.com\/area-privada-antes\/","name":"\u00c1REA PRIVADA-antes - ARA | Asociaci\u00f3n de Restaurantes Alicante","isPartOf":{"@id":"https:\/\/www.araalicante.com\/#website"},"datePublished":"2024-10-25T07:55:00+00:00","dateModified":"2026-03-11T08:23:37+00:00","breadcrumb":{"@id":"https:\/\/www.araalicante.com\/area-privada-antes\/#breadcrumb"},"inLanguage":"en-GB","potentialAction":[{"@type":"ReadAction","target":["https:\/\/www.araalicante.com\/area-privada-antes\/"]}]},{"@type":"BreadcrumbList","@id":"https:\/\/www.araalicante.com\/area-privada-antes\/#breadcrumb","itemListElement":[{"@type":"ListItem","position":1,"name":"Portada","item":"https:\/\/www.araalicante.com\/"},{"@type":"ListItem","position":2,"name":"\u00c1REA PRIVADA-antes"}]},{"@type":"WebSite","@id":"https:\/\/www.araalicante.com\/#website","url":"https:\/\/www.araalicante.com\/","name":"ARA | Asociaci\u00f3n de Restaurantes Alicante","description":"Producto local, restauraci\u00f3n de calidad en Alicante y su provincia","publisher":{"@id":"https:\/\/www.araalicante.com\/#organization"},"potentialAction":[{"@type":"SearchAction","target":{"@type":"EntryPoint","urlTemplate":"https:\/\/www.araalicante.com\/?s={search_term_string}"},"query-input":{"@type":"PropertyValueSpecification","valueRequired":true,"valueName":"search_term_string"}}],"inLanguage":"en-GB"},{"@type":"Organization","@id":"https:\/\/www.araalicante.com\/#organization","name":"ARA | Asociaci\u00f3n de Restaurantes Alicante","url":"https:\/\/www.araalicante.com\/","logo":{"@type":"ImageObject","inLanguage":"en-GB","@id":"https:\/\/www.araalicante.com\/#\/schema\/logo\/image\/","url":"https:\/\/www.araalicante.com\/wp-content\/uploads\/2023\/09\/logoara.png","contentUrl":"https:\/\/www.araalicante.com\/wp-content\/uploads\/2023\/09\/logoara.png","width":400,"height":85,"caption":"ARA | Asociaci\u00f3n de Restaurantes Alicante"},"image":{"@id":"https:\/\/www.araalicante.com\/#\/schema\/logo\/image\/"},"sameAs":["https:\/\/www.facebook.com\/Ararestaurantesalicante","https:\/\/www.instagram.com\/ararestaurantesalicante\/"]}]}},"_links":{"self":[{"href":"https:\/\/www.araalicante.com\/en\/wp-json\/wp\/v2\/pages\/4289","targetHints":{"allow":["GET"]}}],"collection":[{"href":"https:\/\/www.araalicante.com\/en\/wp-json\/wp\/v2\/pages"}],"about":[{"href":"https:\/\/www.araalicante.com\/en\/wp-json\/wp\/v2\/types\/page"}],"author":[{"embeddable":true,"href":"https:\/\/www.araalicante.com\/en\/wp-json\/wp\/v2\/users\/1"}],"replies":[{"embeddable":true,"href":"https:\/\/www.araalicante.com\/en\/wp-json\/wp\/v2\/comments?post=4289"}],"version-history":[{"count":4,"href":"https:\/\/www.araalicante.com\/en\/wp-json\/wp\/v2\/pages\/4289\/revisions"}],"predecessor-version":[{"id":5343,"href":"https:\/\/www.araalicante.com\/en\/wp-json\/wp\/v2\/pages\/4289\/revisions\/5343"}],"wp:featuredmedia":[{"embeddable":true,"href":"https:\/\/www.araalicante.com\/en\/wp-json\/"}],"wp:attachment":[{"href":"https:\/\/www.araalicante.com\/en\/wp-json\/wp\/v2\/media?parent=4289"}],"curies":[{"name":"wp","href":"https:\/\/api.w.org\/{rel}","templated":true}]}}