{"id":3691,"date":"2024-03-12T11:41:00","date_gmt":"2024-03-12T11:41:00","guid":{"rendered":"https:\/\/www.araalicante.com\/?page_id=3691"},"modified":"2026-03-24T09:59:30","modified_gmt":"2026-03-24T08:59:30","slug":"descargas","status":"publish","type":"page","link":"https:\/\/www.araalicante.com\/en\/descargas\/","title":{"rendered":"DESCARGAS"},"content":{"rendered":"<div class=\"woocommerce\">\n\t\t\t<div class=\"woocommerce-info wc-memberships-restriction-message wc-memberships-message wc-memberships-content-restricted-message\">\n\t\t\t\t<div class=\"wrap mcb-wrap mcb-wrap-98b275fb8 one tablet-one laptop-one mobile-one clearfix\" data-desktop-col=\"one\" data-laptop-col=\"laptop-one\" data-tablet-col=\"tablet-one\" data-mobile-col=\"mobile-one\">\r\n    <div class=\"mcb-wrap-inner mcb-wrap-inner-98b275fb8 mfn-module-wrapper mfn-wrapper-for-wraps\">\r\n        <div class=\"mcb-wrap-background-overlay\">\r\n    \r\n        <\/div>\r\n        <div class=\"column mcb-column mcb-item-c51123da7 one laptop-one tablet-one mobile-one column_divider_2\">\r\n            <div class=\"mcb-column-inner mfn-module-wrapper mcb-column-inner-c51123da7 mcb-item-divider_2-inner\">\r\n                <div class=\"mfn-divider mfn-divider-center\">\r\n                    <div class=\"mfn-divider-inner\">\r\n                        \r\n                    <\/div>\r\n                <\/div>\r\n            <\/div>\r\n        <\/div>\r\n        <div class=\"column mcb-column mcb-item-e9f93d682 one-fourth laptop-one-fourth tablet-one-fourth mobile-one column_placeholder\">\r\n            <div class=\"mcb-column-inner mfn-module-wrapper mcb-column-inner-e9f93d682 mcb-item-placeholder-inner\">\r\n                <div class=\"placeholder\">\r\n                    &nbsp;\r\n                <\/div>\r\n            <\/div>\r\n        <\/div>\r\n        <div class=\"column mcb-column mcb-item-e4f91343c one-second laptop-one-second tablet-one-second mobile-one column_fancy_heading\">\r\n            <div class=\"mcb-column-inner mfn-module-wrapper mcb-column-inner-e4f91343c mcb-item-fancy_heading-inner\">\r\n                <div class=\"fancy_heading fancy_heading_icon\">\r\n                    <div class=\"fh-top\">\r\n                        <span class=\"icon_top\"><i class=\"icon-user-add\" aria-hidden=\"true\"><\/i><\/span>\r\n                    <\/div>\r\n                    <h2 class=\"title\">Hazte Socio<\/h2>\r\n                    <div class=\"inside\">\r\n                        <strong>SOLICITA DESDE AQU\u00cd TU ADHESI\u00d3N A ARA.<\/strong><br>Te enviaremos un email con el enlace al formulario completo.<br>\r\n                        No dudes en contactar con nbostros para cualquier duda o consulta:<br>\r\n                        Tel: 626 424 643 \u00b7 secretaria@araalicante.com\r\n                    <\/div>\r\n                <\/div>\r\n            <\/div>\r\n        <\/div>\r\n        <div class=\"column mcb-column mcb-item-623f9a8a2 one laptop-one tablet-one mobile-one column_button\">\r\n            <div style=\"display: block;text-align: center;margin: 0 auto;width: fit-content\" class=\"mcb-column-inner mfn-module-wrapper mcb-column-inner-623f9a8a2 mcb-item-button-inner\">\r\n                <a style=\"background-color: #FFEB3B\" class=\"button  button_size_2\" href=\"https:\/\/docs.google.com\/forms\/d\/18AaQhbJqStIdffujeURejPHiH2AsQL5r5zQewjnui9Y\/edit\" target=\"_blank\" title=\"\" rel=\"noopener\">\r\n                    <span style=\"color: #000\" class=\"button_label\">\r\n                    Ir al formulario de inscripci\u00f3n\r\n                    <\/span>\r\n                <\/a>\r\n            <\/div>\r\n        <\/div>\r\n<div class=\"column mcb-column mcb-item-pso466mf one laptop-one tablet-one mobile-one column_button\">\r\n\t<div style=\"display: block;text-align: center;margin: 0 auto;width: fit-content\" class=\"mcb-column-inner mfn-module-wrapper mcb-column-inner-pso466mf mcb-item-button-inner\">\r\n\t\t<a class=\"button  button_size_2\" href=\"#login\" title=\"\">\r\n\t\t\t<span class=\"button_label\">Inicia sesi\u00f3n<\/span>\r\n\t\t<\/a>\r\n\t<\/div>\r\n<\/div>\r\n        <div class=\"column mcb-column mcb-item-2febe3875 one laptop-one tablet-one mobile-one column_divider_2\">\r\n            <div class=\"mcb-column-inner mfn-module-wrapper mcb-column-inner-2febe3875 mcb-item-divider_2-inner\">\r\n                <div class=\"mfn-divider mfn-divider-center\">\r\n                    <div class=\"mfn-divider-inner\">\r\n                        \r\n                    <\/div>\r\n                <\/div>\r\n            <\/div>\r\n        <\/div>\r\n    <\/div>\r\n<\/div>\t\t    <\/div>\n\t\t<\/div>","protected":false},"excerpt":{"rendered":"<div class=\"woocommerce\">\n<div class=\"woocommerce-info wc-memberships-restriction-message wc-memberships-message wc-memberships-content-restricted-message\">\n<div class=\"wrap mcb-wrap mcb-wrap-98b275fb8 one tablet-one laptop-one mobile-one clearfix\" data-desktop-col=\"one\" data-laptop-col=\"laptop-one\" data-tablet-col=\"tablet-one\" data-mobile-col=\"mobile-one\">\n<div class=\"mcb-wrap-inner mcb-wrap-inner-98b275fb8 mfn-module-wrapper mfn-wrapper-for-wraps\">\n<div class=\"mcb-wrap-background-overlay\"><\/div>\n<div class=\"column mcb-column mcb-item-c51123da7 one laptop-one tablet-one mobile-one column_divider_2\">\n<div class=\"mcb-column-inner mfn-module-wrapper mcb-column-inner-c51123da7 mcb-item-divider_2-inner\">\n<div class=\"mfn-divider mfn-divider-center\">\n<div class=\"mfn-divider-inner\"><\/div>\n<\/p><\/div>\n<\/p><\/div>\n<\/p><\/div>\n<div class=\"column mcb-column mcb-item-e9f93d682 one-fourth laptop-one-fourth tablet-one-fourth mobile-one column_placeholder\">\n<div class=\"mcb-column-inner mfn-module-wrapper mcb-column-inner-e9f93d682 mcb-item-placeholder-inner\">\n<div class=\"placeholder\">\n                    &nbsp;\n                <\/div>\n<\/p><\/div>\n<\/p><\/div>\n<div class=\"column mcb-column mcb-item-e4f91343c one-second laptop-one-second tablet-one-second mobile-one column_fancy_heading\">\n<div class=\"mcb-column-inner mfn-module-wrapper mcb-column-inner-e4f91343c mcb-item-fancy_heading-inner\">\n<div class=\"fancy_heading fancy_heading_icon\">\n<div class=\"fh-top\">\n                        <span class=\"icon_top\"><i class=\"icon-user-add\" aria-hidden=\"true\"><\/i><\/span>\n                    <\/div>\n<h2 class=\"title\">Hazte Socio<\/h2>\n<div class=\"inside\">\n                        <strong>SOLICITA DESDE AQU\u00cd TU ADHESI\u00d3N A ARA.<\/strong><br \/>Te enviaremos un email con el enlace al formulario completo.<br \/>\n                        No dudes en contactar con nbostros para cualquier duda o consulta:<br \/>\n                        Tel: 626 424 643 \u00b7 secretaria@araalicante.com\n                    <\/div>\n<\/p><\/div>\n<\/p><\/div>\n<\/p><\/div>\n<div class=\"column mcb-column mcb-item-623f9a8a2 one laptop-one tablet-one mobile-one column_button\">\n<div style=\"display: block;text-align: center;margin: 0 auto;width: fit-content\" class=\"mcb-column-inner mfn-module-wrapper mcb-column-inner-623f9a8a2 mcb-item-button-inner\">\n                <a style=\"background-color: #FFEB3B\" class=\"button  button_size_2\" href=\"https:\/\/docs.google.com\/forms\/d\/18AaQhbJqStIdffujeURejPHiH2AsQL5r5zQewjnui9Y\/edit\" target=\"_blank\" title=\"\" rel=\"noopener\"><br \/>\n                    <span style=\"color: #000\" class=\"button_label\"><br \/>\n                    Ir al formulario de inscripci\u00f3n<br \/>\n                    <\/span><br \/>\n                <\/a>\n            <\/div>\n<\/p><\/div>\n<div class=\"column mcb-column mcb-item-pso466mf one laptop-one tablet-one mobile-one column_button\">\n<div style=\"display: block;text-align: center;margin: 0 auto;width: fit-content\" class=\"mcb-column-inner mfn-module-wrapper mcb-column-inner-pso466mf mcb-item-button-inner\">\n\t\t<a class=\"button  button_size_2\" href=\"#login\" title=\"\"><br \/>\n\t\t\t<span class=\"button_label\">Inicia sesi\u00f3n<\/span><br \/>\n\t\t<\/a>\n\t<\/div>\n<\/div>\n<div class=\"column mcb-column mcb-item-2febe3875 one laptop-one tablet-one mobile-one column_divider_2\">\n<div class=\"mcb-column-inner mfn-module-wrapper mcb-column-inner-2febe3875 mcb-item-divider_2-inner\">\n<div class=\"mfn-divider mfn-divider-center\">\n<div class=\"mfn-divider-inner\"><\/div>\n<\/p><\/div>\n<\/p><\/div>\n<\/p><\/div>\n<\/p><\/div>\n<\/div><\/div>\n<\/p><\/div>","protected":false},"author":1,"featured_media":0,"parent":0,"menu_order":0,"comment_status":"closed","ping_status":"closed","template":"","meta":{"footnotes":""},"class_list":["post-3691","page","type-page","status-publish","hentry","membership-content","access-restricted"],"yoast_head":"<!-- This site is optimized with the Yoast SEO plugin v27.4 - https:\/\/yoast.com\/product\/yoast-seo-wordpress\/ -->\n<title>DESCARGAS - ARA | Asociaci\u00f3n de Restaurantes Alicante<\/title>\n<meta name=\"robots\" content=\"index, follow, max-snippet:-1, max-image-preview:large, max-video-preview:-1\" \/>\n<link rel=\"canonical\" href=\"https:\/\/www.araalicante.com\/en\/descargas\/\" \/>\n<meta property=\"og:locale\" content=\"en_GB\" \/>\n<meta property=\"og:type\" content=\"article\" \/>\n<meta property=\"og:title\" content=\"DESCARGAS - ARA | Asociaci\u00f3n de Restaurantes Alicante\" \/>\n<meta property=\"og:description\" content=\"&nbsp; Hazte Socio SOLICITA DESDE AQU\u00cd TU ADHESI\u00d3N A ARA.Te enviaremos un [\u2026]\" \/>\n<meta property=\"og:url\" content=\"https:\/\/www.araalicante.com\/en\/descargas\/\" \/>\n<meta property=\"og:site_name\" content=\"ARA | Asociaci\u00f3n de Restaurantes Alicante\" \/>\n<meta property=\"article:publisher\" content=\"https:\/\/www.facebook.com\/Ararestaurantesalicante\" \/>\n<meta property=\"article:modified_time\" content=\"2026-03-24T08:59:30+00:00\" \/>\n<meta property=\"og:image\" content=\"https:\/\/www.araalicante.com\/wp-content\/uploads\/2023\/10\/Sin-titulo-1.png\" \/>\n\t<meta property=\"og:image:width\" content=\"200\" \/>\n\t<meta property=\"og:image:height\" content=\"200\" \/>\n\t<meta property=\"og:image:type\" content=\"image\/png\" \/>\n<meta name=\"twitter:card\" content=\"summary_large_image\" \/>\n<script type=\"application\/ld+json\" class=\"yoast-schema-graph\">{\"@context\":\"https:\\\/\\\/schema.org\",\"@graph\":[{\"@type\":\"WebPage\",\"@id\":\"https:\\\/\\\/www.araalicante.com\\\/descargas\\\/\",\"url\":\"https:\\\/\\\/www.araalicante.com\\\/descargas\\\/\",\"name\":\"DESCARGAS - ARA | Asociaci\u00f3n de Restaurantes Alicante\",\"isPartOf\":{\"@id\":\"https:\\\/\\\/www.araalicante.com\\\/#website\"},\"datePublished\":\"2024-03-12T11:41:00+00:00\",\"dateModified\":\"2026-03-24T08:59:30+00:00\",\"breadcrumb\":{\"@id\":\"https:\\\/\\\/www.araalicante.com\\\/descargas\\\/#breadcrumb\"},\"inLanguage\":\"en-GB\",\"potentialAction\":[{\"@type\":\"ReadAction\",\"target\":[\"https:\\\/\\\/www.araalicante.com\\\/descargas\\\/\"]}]},{\"@type\":\"BreadcrumbList\",\"@id\":\"https:\\\/\\\/www.araalicante.com\\\/descargas\\\/#breadcrumb\",\"itemListElement\":[{\"@type\":\"ListItem\",\"position\":1,\"name\":\"Portada\",\"item\":\"https:\\\/\\\/www.araalicante.com\\\/\"},{\"@type\":\"ListItem\",\"position\":2,\"name\":\"DESCARGAS\"}]},{\"@type\":\"WebSite\",\"@id\":\"https:\\\/\\\/www.araalicante.com\\\/#website\",\"url\":\"https:\\\/\\\/www.araalicante.com\\\/\",\"name\":\"ARA | Asociaci\u00f3n de Restaurantes Alicante\",\"description\":\"Producto local, restauraci\u00f3n de calidad en Alicante y su provincia\",\"publisher\":{\"@id\":\"https:\\\/\\\/www.araalicante.com\\\/#organization\"},\"potentialAction\":[{\"@type\":\"SearchAction\",\"target\":{\"@type\":\"EntryPoint\",\"urlTemplate\":\"https:\\\/\\\/www.araalicante.com\\\/?s={search_term_string}\"},\"query-input\":{\"@type\":\"PropertyValueSpecification\",\"valueRequired\":true,\"valueName\":\"search_term_string\"}}],\"inLanguage\":\"en-GB\"},{\"@type\":\"Organization\",\"@id\":\"https:\\\/\\\/www.araalicante.com\\\/#organization\",\"name\":\"ARA | Asociaci\u00f3n de Restaurantes Alicante\",\"url\":\"https:\\\/\\\/www.araalicante.com\\\/\",\"logo\":{\"@type\":\"ImageObject\",\"inLanguage\":\"en-GB\",\"@id\":\"https:\\\/\\\/www.araalicante.com\\\/#\\\/schema\\\/logo\\\/image\\\/\",\"url\":\"https:\\\/\\\/www.araalicante.com\\\/wp-content\\\/uploads\\\/2023\\\/09\\\/logoara.png\",\"contentUrl\":\"https:\\\/\\\/www.araalicante.com\\\/wp-content\\\/uploads\\\/2023\\\/09\\\/logoara.png\",\"width\":400,\"height\":85,\"caption\":\"ARA | Asociaci\u00f3n de Restaurantes Alicante\"},\"image\":{\"@id\":\"https:\\\/\\\/www.araalicante.com\\\/#\\\/schema\\\/logo\\\/image\\\/\"},\"sameAs\":[\"https:\\\/\\\/www.facebook.com\\\/Ararestaurantesalicante\",\"https:\\\/\\\/www.instagram.com\\\/ararestaurantesalicante\\\/\"]}]}<\/script>\n<!-- \/ Yoast SEO plugin. -->","yoast_head_json":{"title":"DESCARGAS - ARA | Asociaci\u00f3n de Restaurantes Alicante","robots":{"index":"index","follow":"follow","max-snippet":"max-snippet:-1","max-image-preview":"max-image-preview:large","max-video-preview":"max-video-preview:-1"},"canonical":"https:\/\/www.araalicante.com\/en\/descargas\/","og_locale":"en_GB","og_type":"article","og_title":"DESCARGAS - ARA | Asociaci\u00f3n de Restaurantes Alicante","og_description":"&nbsp; Hazte Socio SOLICITA DESDE AQU\u00cd TU ADHESI\u00d3N A ARA.Te enviaremos un [\u2026]","og_url":"https:\/\/www.araalicante.com\/en\/descargas\/","og_site_name":"ARA | Asociaci\u00f3n de Restaurantes Alicante","article_publisher":"https:\/\/www.facebook.com\/Ararestaurantesalicante","article_modified_time":"2026-03-24T08:59:30+00:00","og_image":[{"width":200,"height":200,"url":"https:\/\/www.araalicante.com\/wp-content\/uploads\/2023\/10\/Sin-titulo-1.png","type":"image\/png"}],"twitter_card":"summary_large_image","schema":{"@context":"https:\/\/schema.org","@graph":[{"@type":"WebPage","@id":"https:\/\/www.araalicante.com\/descargas\/","url":"https:\/\/www.araalicante.com\/descargas\/","name":"DESCARGAS - ARA | Asociaci\u00f3n de Restaurantes Alicante","isPartOf":{"@id":"https:\/\/www.araalicante.com\/#website"},"datePublished":"2024-03-12T11:41:00+00:00","dateModified":"2026-03-24T08:59:30+00:00","breadcrumb":{"@id":"https:\/\/www.araalicante.com\/descargas\/#breadcrumb"},"inLanguage":"en-GB","potentialAction":[{"@type":"ReadAction","target":["https:\/\/www.araalicante.com\/descargas\/"]}]},{"@type":"BreadcrumbList","@id":"https:\/\/www.araalicante.com\/descargas\/#breadcrumb","itemListElement":[{"@type":"ListItem","position":1,"name":"Portada","item":"https:\/\/www.araalicante.com\/"},{"@type":"ListItem","position":2,"name":"DESCARGAS"}]},{"@type":"WebSite","@id":"https:\/\/www.araalicante.com\/#website","url":"https:\/\/www.araalicante.com\/","name":"ARA | Asociaci\u00f3n de Restaurantes Alicante","description":"Producto local, restauraci\u00f3n de calidad en Alicante y su provincia","publisher":{"@id":"https:\/\/www.araalicante.com\/#organization"},"potentialAction":[{"@type":"SearchAction","target":{"@type":"EntryPoint","urlTemplate":"https:\/\/www.araalicante.com\/?s={search_term_string}"},"query-input":{"@type":"PropertyValueSpecification","valueRequired":true,"valueName":"search_term_string"}}],"inLanguage":"en-GB"},{"@type":"Organization","@id":"https:\/\/www.araalicante.com\/#organization","name":"ARA | Asociaci\u00f3n de Restaurantes Alicante","url":"https:\/\/www.araalicante.com\/","logo":{"@type":"ImageObject","inLanguage":"en-GB","@id":"https:\/\/www.araalicante.com\/#\/schema\/logo\/image\/","url":"https:\/\/www.araalicante.com\/wp-content\/uploads\/2023\/09\/logoara.png","contentUrl":"https:\/\/www.araalicante.com\/wp-content\/uploads\/2023\/09\/logoara.png","width":400,"height":85,"caption":"ARA | Asociaci\u00f3n de Restaurantes Alicante"},"image":{"@id":"https:\/\/www.araalicante.com\/#\/schema\/logo\/image\/"},"sameAs":["https:\/\/www.facebook.com\/Ararestaurantesalicante","https:\/\/www.instagram.com\/ararestaurantesalicante\/"]}]}},"_links":{"self":[{"href":"https:\/\/www.araalicante.com\/en\/wp-json\/wp\/v2\/pages\/3691","targetHints":{"allow":["GET"]}}],"collection":[{"href":"https:\/\/www.araalicante.com\/en\/wp-json\/wp\/v2\/pages"}],"about":[{"href":"https:\/\/www.araalicante.com\/en\/wp-json\/wp\/v2\/types\/page"}],"author":[{"embeddable":true,"href":"https:\/\/www.araalicante.com\/en\/wp-json\/wp\/v2\/users\/1"}],"replies":[{"embeddable":true,"href":"https:\/\/www.araalicante.com\/en\/wp-json\/wp\/v2\/comments?post=3691"}],"version-history":[{"count":1,"href":"https:\/\/www.araalicante.com\/en\/wp-json\/wp\/v2\/pages\/3691\/revisions"}],"predecessor-version":[{"id":3692,"href":"https:\/\/www.araalicante.com\/en\/wp-json\/wp\/v2\/pages\/3691\/revisions\/3692"}],"wp:attachment":[{"href":"https:\/\/www.araalicante.com\/en\/wp-json\/wp\/v2\/media?parent=3691"}],"curies":[{"name":"wp","href":"https:\/\/api.w.org\/{rel}","templated":true}]}}